{"id":612,"date":"2024-02-18T19:48:08","date_gmt":"2024-02-18T18:48:08","guid":{"rendered":"http:\/\/www.inamo.at\/wp\/?page_id=612"},"modified":"2024-02-21T12:09:20","modified_gmt":"2024-02-21T11:09:20","slug":"neue-innkreisbahn","status":"publish","type":"page","link":"http:\/\/www.inamo.at\/wp\/bahnen-oo\/weitere-bahnen\/neue-innkreisbahn\/","title":{"rendered":"Neue Innkreisbahn"},"content":{"rendered":"\n<p>Im J\u00e4nner 2024 wurde bei der Pr\u00e4sentation des Zielnetzes 2040 das Projekt einer zweispurigen Neubaustrecke von Wels in Richtung  M\u00fcnchen vorgestellt. Derzeit gibt es  bez\u00fcglich m\u00f6glichem Verlauf nur einen geraden Strich in der Landschaft.<\/p>\n\n\n\n<p><\/p>\n\n\n\n<p>Aktueller Artikel Februar 2024<\/p>\n\n\n\n<p><a href=\"http:\/\/www.inamo.at\/wp\/neue-innkreisbahn-nib-wie-viel-sinn-macht-ein-strich-in-der-landschaft\/\" data-type=\"post\" data-id=\"608\">Neue Innkreisbahn (NIB) \u2013 Wie viel Sinn macht ein Strich in der Landschaft?<\/a><\/p>\n\n\n\n<p><\/p>\n","protected":false},"excerpt":{"rendered":"<p>Im J\u00e4nner 2024 wurde bei der Pr\u00e4sentation des Zielnetzes 2040 das Projekt einer zweispurigen Neubaustrecke von Wels in Richtung M\u00fcnchen vorgestellt. Derzeit gibt es bez\u00fcglich m\u00f6glichem Verlauf nur einen geraden Strich in der Landschaft. Aktueller Artikel Februar 2024 Neue Innkreisbahn &hellip; <a href=\"http:\/\/www.inamo.at\/wp\/bahnen-oo\/weitere-bahnen\/neue-innkreisbahn\/\">Weiterlesen <span class=\"meta-nav\">&rarr;<\/span><\/a><\/p>\n","protected":false},"author":1,"featured_media":0,"parent":261,"menu_order":1,"comment_status":"closed","ping_status":"closed","template":"","meta":{"footnotes":""},"class_list":["post-612","page","type-page","status-publish","hentry"],"_links":{"self":[{"href":"http:\/\/www.inamo.at\/wp\/wp-json\/wp\/v2\/pages\/612","targetHints":{"allow":["GET"]}}],"collection":[{"href":"http:\/\/www.inamo.at\/wp\/wp-json\/wp\/v2\/pages"}],"about":[{"href":"http:\/\/www.inamo.at\/wp\/wp-json\/wp\/v2\/types\/page"}],"author":[{"embeddable":true,"href":"http:\/\/www.inamo.at\/wp\/wp-json\/wp\/v2\/users\/1"}],"replies":[{"embeddable":true,"href":"http:\/\/www.inamo.at\/wp\/wp-json\/wp\/v2\/comments?post=612"}],"version-history":[{"count":6,"href":"http:\/\/www.inamo.at\/wp\/wp-json\/wp\/v2\/pages\/612\/revisions"}],"predecessor-version":[{"id":623,"href":"http:\/\/www.inamo.at\/wp\/wp-json\/wp\/v2\/pages\/612\/revisions\/623"}],"up":[{"embeddable":true,"href":"http:\/\/www.inamo.at\/wp\/wp-json\/wp\/v2\/pages\/261"}],"wp:attachment":[{"href":"http:\/\/www.inamo.at\/wp\/wp-json\/wp\/v2\/media?parent=612"}],"curies":[{"name":"wp","href":"https:\/\/api.w.org\/{rel}","templated":true}]}}